{"id":9,"date":"2022-01-21T11:23:02","date_gmt":"2022-01-21T11:23:02","guid":{"rendered":"https:\/\/quadest.net\/blog\/?page_id=9"},"modified":"2024-09-12T07:39:31","modified_gmt":"2024-09-12T07:39:31","slug":"sobre-nosotros","status":"publish","type":"page","link":"https:\/\/quadest.net\/blog\/sobre-nosotros\/","title":{"rendered":"Sobre nosotros"},"content":{"rendered":"<p>QUADEST es una empresa especializada en recambios, accesorios y complementos para quad, ATV, UTV i Buggies.<\/p>\n<p>Aunque la vinculaci\u00f3n con el mercado del Quad\/Atv se remonta a principios de los 90, no fue hasta Marzo del 2001 que se constituy\u00f3 como empresa.<br \/>El inicio fue discreto, un cat\u00e1logo con poco m\u00e1s de 50 referencias, fue el principio de una es\u00adpectacular crecida paralela al incremento del mercado. En estos a\u00f1os la empresa ha logrado posicionarse como referencia de suministro en la mayo\u00adr\u00eda de talleres especializados de Espa\u00f1a, llegando a tener una cuota de mercado realmente importante.<\/p>\n<p>En <a href=\"https:\/\/www.quadest.net\/\">www.quadest.net<\/a> podr\u00e1s acceder a una web din\u00e1mica y con una gran variedad y cantidad de productos a tu alcance. Todo lo que andas buscando para tu quad o ATV en un entorno de gesti\u00f3n cercano y f\u00e1cil de utilizar, para disponer de los art\u00edculos con un solo click y tenerlos en tu casa en un par de d\u00edas. Pi\u00e9rdete por las diferentes secciones de la web y disfruta de miles de productos, caracter\u00edsticas y precios, con la informaci\u00f3n accesible y clara para facilitar tu compra.<\/p>\n<p><img loading=\"lazy\" decoding=\"async\" class=\"alignnone wp-image-3519 size-full\" src=\"https:\/\/quadest.net\/blog\/wp-content\/uploads\/2024\/09\/portada_quadest_set_24.jpg\" alt=\"portada quadest set 24\" width=\"740\" height=\"1020\" srcset=\"https:\/\/quadest.net\/blog\/wp-content\/uploads\/2024\/09\/portada_quadest_set_24.jpg 740w, https:\/\/quadest.net\/blog\/wp-content\/uploads\/2024\/09\/portada_quadest_set_24-218x300.jpg 218w\" sizes=\"auto, (max-width: 740px) 100vw, 740px\" \/><\/p>\n<p>Las secciones de outlet, novedades u ofertas, albergan las mejores gangas y desde ah\u00ed podr\u00e1s acceder a los listados de productos con los mejores precios y oportunidades para conseguir tus productos preferidos sin que la econom\u00eda limite tus pretensiones.<\/p>\n<p>Entra en <a href=\"https:\/\/www.quadest.net\/\">Quadest<\/a> y date un capricho.<br \/>Seguro que el precio no ser\u00e1 un problema.<\/p>\n<p>Quadest agradece la confianza y el apoyo de todos sus clientes y colaboradores.<\/p>\n\n\n<p><\/p>\n","protected":false},"excerpt":{"rendered":"<p>QUADEST es una empresa especializada en recambios, accesorios y complementos para quad, ATV, UTV i Buggies. Aunque la vinculaci\u00f3n con el mercado del Quad\/Atv se remonta a principios de los 90, no fue hasta Marzo del 2001 que se constituy\u00f3 como empresa.El inicio fue discreto, un cat\u00e1logo con poco m\u00e1s de 50 referencias, fue el &#8230; <a title=\"Sobre nosotros\" class=\"read-more\" href=\"https:\/\/quadest.net\/blog\/sobre-nosotros\/\" aria-label=\"M\u00e1s en Sobre nosotros\">Leer m\u00e1s<\/a><\/p>\n","protected":false},"author":4,"featured_media":0,"parent":0,"menu_order":0,"comment_status":"closed","ping_status":"closed","template":"","meta":{"footnotes":""},"class_list":["post-9","page","type-page","status-publish"],"yoast_head":"<!-- This site is optimized with the Yoast SEO plugin v27.5 - https:\/\/yoast.com\/product\/yoast-seo-wordpress\/ -->\n<title>Sobre nosotros | Blog de QUADEST<\/title>\n<meta name=\"description\" content=\"En Quadest podr\u00e1s acceder a una web din\u00e1mica y con una gran variedad y cantidad de productos a tu alcance.\" \/>\n<meta name=\"robots\" content=\"index, follow, max-snippet:-1, max-image-preview:large, max-video-preview:-1\" \/>\n<link rel=\"canonical\" href=\"https:\/\/quadest.net\/blog\/\" \/>\n<meta property=\"og:locale\" content=\"es_ES\" \/>\n<meta property=\"og:type\" content=\"article\" \/>\n<meta property=\"og:title\" content=\"Sobre nosotros | Blog de QUADEST\" \/>\n<meta property=\"og:description\" content=\"En Quadest podr\u00e1s acceder a una web din\u00e1mica y con una gran variedad y cantidad de productos a tu alcance.\" \/>\n<meta property=\"og:url\" content=\"https:\/\/quadest.net\/blog\/\" \/>\n<meta property=\"og:site_name\" content=\"Blog de QUADEST\" \/>\n<meta property=\"article:publisher\" content=\"https:\/\/www.facebook.com\/quadest\" \/>\n<meta property=\"article:modified_time\" content=\"2024-09-12T07:39:31+00:00\" \/>\n<meta property=\"og:image\" content=\"https:\/\/quadest.net\/blog\/wp-content\/uploads\/2024\/09\/portada_quadest_set_24.jpg\" \/>\n<meta name=\"twitter:card\" content=\"summary_large_image\" \/>\n<meta name=\"twitter:label1\" content=\"Tiempo de lectura\" \/>\n\t<meta name=\"twitter:data1\" content=\"2 minutos\" \/>\n<script type=\"application\/ld+json\" class=\"yoast-schema-graph\">{\"@context\":\"https:\\\/\\\/schema.org\",\"@graph\":[{\"@type\":\"WebPage\",\"@id\":\"https:\\\/\\\/quadest.net\\\/blog\\\/sobre-nosotros\\\/\",\"url\":\"https:\\\/\\\/quadest.net\\\/blog\\\/\",\"name\":\"Sobre nosotros | Blog de QUADEST\",\"isPartOf\":{\"@id\":\"https:\\\/\\\/quadest.net\\\/blog\\\/#website\"},\"primaryImageOfPage\":{\"@id\":\"https:\\\/\\\/quadest.net\\\/blog\\\/#primaryimage\"},\"image\":{\"@id\":\"https:\\\/\\\/quadest.net\\\/blog\\\/#primaryimage\"},\"thumbnailUrl\":\"https:\\\/\\\/quadest.net\\\/blog\\\/wp-content\\\/uploads\\\/2024\\\/09\\\/portada_quadest_set_24.jpg\",\"datePublished\":\"2022-01-21T11:23:02+00:00\",\"dateModified\":\"2024-09-12T07:39:31+00:00\",\"description\":\"En Quadest podr\u00e1s acceder a una web din\u00e1mica y con una gran variedad y cantidad de productos a tu alcance.\",\"breadcrumb\":{\"@id\":\"https:\\\/\\\/quadest.net\\\/blog\\\/#breadcrumb\"},\"inLanguage\":\"es\",\"potentialAction\":[{\"@type\":\"ReadAction\",\"target\":[\"https:\\\/\\\/quadest.net\\\/blog\\\/\"]}]},{\"@type\":\"ImageObject\",\"inLanguage\":\"es\",\"@id\":\"https:\\\/\\\/quadest.net\\\/blog\\\/#primaryimage\",\"url\":\"https:\\\/\\\/quadest.net\\\/blog\\\/wp-content\\\/uploads\\\/2024\\\/09\\\/portada_quadest_set_24.jpg\",\"contentUrl\":\"https:\\\/\\\/quadest.net\\\/blog\\\/wp-content\\\/uploads\\\/2024\\\/09\\\/portada_quadest_set_24.jpg\",\"width\":740,\"height\":1020,\"caption\":\"portada quadest set 24\"},{\"@type\":\"BreadcrumbList\",\"@id\":\"https:\\\/\\\/quadest.net\\\/blog\\\/#breadcrumb\",\"itemListElement\":[{\"@type\":\"ListItem\",\"position\":1,\"name\":\"Portada\",\"item\":\"https:\\\/\\\/quadest.net\\\/blog\\\/\"},{\"@type\":\"ListItem\",\"position\":2,\"name\":\"Sobre nosotros\"}]},{\"@type\":\"WebSite\",\"@id\":\"https:\\\/\\\/quadest.net\\\/blog\\\/#website\",\"url\":\"https:\\\/\\\/quadest.net\\\/blog\\\/\",\"name\":\"Blog de QUADEST\",\"description\":\"\",\"publisher\":{\"@id\":\"https:\\\/\\\/quadest.net\\\/blog\\\/#organization\"},\"potentialAction\":[{\"@type\":\"SearchAction\",\"target\":{\"@type\":\"EntryPoint\",\"urlTemplate\":\"https:\\\/\\\/quadest.net\\\/blog\\\/?s={search_term_string}\"},\"query-input\":{\"@type\":\"PropertyValueSpecification\",\"valueRequired\":true,\"valueName\":\"search_term_string\"}}],\"inLanguage\":\"es\"},{\"@type\":\"Organization\",\"@id\":\"https:\\\/\\\/quadest.net\\\/blog\\\/#organization\",\"name\":\"Quadest\",\"url\":\"https:\\\/\\\/quadest.net\\\/blog\\\/\",\"logo\":{\"@type\":\"ImageObject\",\"inLanguage\":\"es\",\"@id\":\"https:\\\/\\\/quadest.net\\\/blog\\\/#\\\/schema\\\/logo\\\/image\\\/\",\"url\":\"https:\\\/\\\/quadest.net\\\/blog\\\/wp-content\\\/uploads\\\/2023\\\/07\\\/logo-quadest.png\",\"contentUrl\":\"https:\\\/\\\/quadest.net\\\/blog\\\/wp-content\\\/uploads\\\/2023\\\/07\\\/logo-quadest.png\",\"width\":500,\"height\":500,\"caption\":\"Quadest\"},\"image\":{\"@id\":\"https:\\\/\\\/quadest.net\\\/blog\\\/#\\\/schema\\\/logo\\\/image\\\/\"},\"sameAs\":[\"https:\\\/\\\/www.facebook.com\\\/quadest\",\"https:\\\/\\\/www.instagram.com\\\/quadest\\\/\",\"https:\\\/\\\/www.youtube.com\\\/channel\\\/UClQumaIFWgSkYdRV7C6zzgQ\"]}]}<\/script>\n<!-- \/ Yoast SEO plugin. -->","yoast_head_json":{"title":"Sobre nosotros | Blog de QUADEST","description":"En Quadest podr\u00e1s acceder a una web din\u00e1mica y con una gran variedad y cantidad de productos a tu alcance.","robots":{"index":"index","follow":"follow","max-snippet":"max-snippet:-1","max-image-preview":"max-image-preview:large","max-video-preview":"max-video-preview:-1"},"canonical":"https:\/\/quadest.net\/blog\/","og_locale":"es_ES","og_type":"article","og_title":"Sobre nosotros | Blog de QUADEST","og_description":"En Quadest podr\u00e1s acceder a una web din\u00e1mica y con una gran variedad y cantidad de productos a tu alcance.","og_url":"https:\/\/quadest.net\/blog\/","og_site_name":"Blog de QUADEST","article_publisher":"https:\/\/www.facebook.com\/quadest","article_modified_time":"2024-09-12T07:39:31+00:00","og_image":[{"url":"https:\/\/quadest.net\/blog\/wp-content\/uploads\/2024\/09\/portada_quadest_set_24.jpg","type":"","width":"","height":""}],"twitter_card":"summary_large_image","twitter_misc":{"Tiempo de lectura":"2 minutos"},"schema":{"@context":"https:\/\/schema.org","@graph":[{"@type":"WebPage","@id":"https:\/\/quadest.net\/blog\/sobre-nosotros\/","url":"https:\/\/quadest.net\/blog\/","name":"Sobre nosotros | Blog de QUADEST","isPartOf":{"@id":"https:\/\/quadest.net\/blog\/#website"},"primaryImageOfPage":{"@id":"https:\/\/quadest.net\/blog\/#primaryimage"},"image":{"@id":"https:\/\/quadest.net\/blog\/#primaryimage"},"thumbnailUrl":"https:\/\/quadest.net\/blog\/wp-content\/uploads\/2024\/09\/portada_quadest_set_24.jpg","datePublished":"2022-01-21T11:23:02+00:00","dateModified":"2024-09-12T07:39:31+00:00","description":"En Quadest podr\u00e1s acceder a una web din\u00e1mica y con una gran variedad y cantidad de productos a tu alcance.","breadcrumb":{"@id":"https:\/\/quadest.net\/blog\/#breadcrumb"},"inLanguage":"es","potentialAction":[{"@type":"ReadAction","target":["https:\/\/quadest.net\/blog\/"]}]},{"@type":"ImageObject","inLanguage":"es","@id":"https:\/\/quadest.net\/blog\/#primaryimage","url":"https:\/\/quadest.net\/blog\/wp-content\/uploads\/2024\/09\/portada_quadest_set_24.jpg","contentUrl":"https:\/\/quadest.net\/blog\/wp-content\/uploads\/2024\/09\/portada_quadest_set_24.jpg","width":740,"height":1020,"caption":"portada quadest set 24"},{"@type":"BreadcrumbList","@id":"https:\/\/quadest.net\/blog\/#breadcrumb","itemListElement":[{"@type":"ListItem","position":1,"name":"Portada","item":"https:\/\/quadest.net\/blog\/"},{"@type":"ListItem","position":2,"name":"Sobre nosotros"}]},{"@type":"WebSite","@id":"https:\/\/quadest.net\/blog\/#website","url":"https:\/\/quadest.net\/blog\/","name":"Blog de QUADEST","description":"","publisher":{"@id":"https:\/\/quadest.net\/blog\/#organization"},"potentialAction":[{"@type":"SearchAction","target":{"@type":"EntryPoint","urlTemplate":"https:\/\/quadest.net\/blog\/?s={search_term_string}"},"query-input":{"@type":"PropertyValueSpecification","valueRequired":true,"valueName":"search_term_string"}}],"inLanguage":"es"},{"@type":"Organization","@id":"https:\/\/quadest.net\/blog\/#organization","name":"Quadest","url":"https:\/\/quadest.net\/blog\/","logo":{"@type":"ImageObject","inLanguage":"es","@id":"https:\/\/quadest.net\/blog\/#\/schema\/logo\/image\/","url":"https:\/\/quadest.net\/blog\/wp-content\/uploads\/2023\/07\/logo-quadest.png","contentUrl":"https:\/\/quadest.net\/blog\/wp-content\/uploads\/2023\/07\/logo-quadest.png","width":500,"height":500,"caption":"Quadest"},"image":{"@id":"https:\/\/quadest.net\/blog\/#\/schema\/logo\/image\/"},"sameAs":["https:\/\/www.facebook.com\/quadest","https:\/\/www.instagram.com\/quadest\/","https:\/\/www.youtube.com\/channel\/UClQumaIFWgSkYdRV7C6zzgQ"]}]}},"_links":{"self":[{"href":"https:\/\/quadest.net\/blog\/wp-json\/wp\/v2\/pages\/9","targetHints":{"allow":["GET"]}}],"collection":[{"href":"https:\/\/quadest.net\/blog\/wp-json\/wp\/v2\/pages"}],"about":[{"href":"https:\/\/quadest.net\/blog\/wp-json\/wp\/v2\/types\/page"}],"author":[{"embeddable":true,"href":"https:\/\/quadest.net\/blog\/wp-json\/wp\/v2\/users\/4"}],"replies":[{"embeddable":true,"href":"https:\/\/quadest.net\/blog\/wp-json\/wp\/v2\/comments?post=9"}],"version-history":[{"count":11,"href":"https:\/\/quadest.net\/blog\/wp-json\/wp\/v2\/pages\/9\/revisions"}],"predecessor-version":[{"id":3521,"href":"https:\/\/quadest.net\/blog\/wp-json\/wp\/v2\/pages\/9\/revisions\/3521"}],"wp:attachment":[{"href":"https:\/\/quadest.net\/blog\/wp-json\/wp\/v2\/media?parent=9"}],"curies":[{"name":"wp","href":"https:\/\/api.w.org\/{rel}","templated":true}]}}